{"id":13,"date":"2025-01-14T11:11:06","date_gmt":"2025-01-14T10:11:06","guid":{"rendered":"https:\/\/www.gamepc.es\/?page_id=13"},"modified":"2025-01-14T11:33:00","modified_gmt":"2025-01-14T10:33:00","slug":"terminos-condiciones-compra","status":"publish","type":"page","link":"https:\/\/www.gamepc.es\/es\/terminos-condiciones-compra\/","title":{"rendered":"T\u00e9rminos y condiciones de compra"},"content":{"rendered":"\t\t<div data-elementor-type=\"wp-page\" data-elementor-id=\"13\" class=\"elementor elementor-13\" data-elementor-post-type=\"page\">\n\t\t\t\t<div class=\"elementor-element elementor-element-3659989e e-flex e-con-boxed e-con e-parent\" data-id=\"3659989e\" data-element_type=\"container\" data-e-type=\"container\">\n\t\t\t\t\t<div class=\"e-con-inner\">\n\t\t\t\t<div class=\"elementor-element elementor-element-3cfa2d07 elementor-widget elementor-widget-text-editor\" data-id=\"3cfa2d07\" data-element_type=\"widget\" data-e-type=\"widget\" data-widget_type=\"text-editor.default\">\n\t\t\t\t<div class=\"elementor-widget-container\">\n\t\t\t\t\t\t\t\t\t\n<h2 style=\"font-weight: 500;\">Precio y disponibilidad de los art\u00edculos<\/h2>\n<p><span style=\"font-weight: 400;\">Los precios de los productos que aparecen en la web incluyen I.V.A., pero no los gastos de env\u00edo, que se a\u00f1adir\u00e1n al total del importe de los productos seleccionados.<\/span><b><strong> DOCTOR COMPUTERS <\/strong><\/b><span style=\"font-weight: 400;\">se reserva en cada momento y unilateralmente el derecho a la modificaci\u00f3n sin previo aviso del precio de sus productos.<\/span><\/p>\n<p style=\"font-weight: 400;\">Todos los pedidos est\u00e1n sujetos a la disponibilidad de los productos. Si se produjera alg\u00fan problema con el stock de los art\u00edculos, se le informar\u00eda de inmediato para realizar un cambio por otro producto o para reembolsarle la diferencia.<\/p>\n<h2 style=\"font-weight: 500;\">Env\u00edos<\/h2>\n<p><span style=\"font-weight: 400;\">Todos los env\u00edos se realizan de manera urgente\u00a0<\/span><b><strong><span data-id=\"horasenviopeninsula\">24<\/span>\u00a0horas (pen\u00ednsula)<\/strong><\/b><span style=\"font-weight: 400;\">\u00a0y\u00a0<\/span><b><strong><span data-id=\"horasenviobaleares\">72<\/span>\u00a0horas (Baleares)<\/strong><\/b><span style=\"font-weight: 400;\">. No podemos garantizar estos plazos de entrega, si bien intentamos que la empresa de transportes los cumpla siempre que sea posible.<\/span><\/p>\n<p style=\"font-weight: 400;\">Los plazos de entrega depender\u00e1n de la disponibilidad de cada producto, la cual se encuentra indicada en todos y cada uno de los productos ofertados. En los pedidos que incluyan varios art\u00edculos se har\u00e1 un \u00fanico env\u00edo y el plazo de entrega se corresponder\u00e1 con el art\u00edculo cuyo plazo de entrega sea mayor.<\/p>\n<p style=\"font-weight: 400;\">El cliente dispondr\u00e1 de\u00a0<b><strong><span data-id=\"horasrevisarpedido\">24<\/span>\u00a0horas<\/strong><\/b>\u00a0para revisar la integridad de todos los componentes del pedido y para comprobar que se incluye todo lo que debe en los productos incluidos. Pasadas estas\u00a0<b><strong><span data-id=\"horasrevisarpedido\">24<\/span>\u00a0horas<\/strong><\/b>\u00a0se dar\u00e1 por aceptado el env\u00edo y no se aceptar\u00e1n reclamaciones por desperfectos o fallos con el env\u00edo.<\/p>\n<p style=\"font-weight: 400;\">El cliente profesional o distribuidor dispondr\u00e1 de 2 d\u00edas desde la entrega para comprobar la integridad de todos los componentes del pedido y para comprobar que se incluye todo lo que debe en los productos incluidos, aplic\u00e1ndose para los consumidores y usuarios el plazo legalmente establecido.<\/p>\n<p style=\"font-weight: 400;\">Pasados estos 2 d\u00edas para profesionales o distribuidores se dar\u00e1 por aceptado el env\u00edo y no se aceptar\u00e1n reclamaciones por desperfectos o fallos con el env\u00edo.<\/p>\n<p style=\"font-weight: 400;\">Se considerar\u00e1 entregado un pedido cuando sea firmado el recibo de entrega por parte del cliente. Es en las pr\u00f3ximas <b><strong><span data-id=\"horasrevisarpedido\">24<\/span>\u00a0horas<\/strong><\/b>\u00a0cuando el cliente debe verificar los productos a la recepci\u00f3n de los mismos y exponer todas las objeciones que pudiesen existir.<\/p>\n<p style=\"font-weight: 400;\">En caso de recibir un producto da\u00f1ado por el transporte es recomendable contactarnos dentro de las primeras\u00a0<b><strong><span data-id=\"horasrevisarpedido\">24<\/span>\u00a0horas<\/strong><\/b>\u00a0para poder reclamar la incidencia a la empresa de transporte.<\/p>\n<h2 style=\"font-weight: 500;\">Pagos<\/h2>\n<p>Este sitio web proporciona un sistema TPV virtual proporcionado por la tecnolog\u00eda Redsys.<\/p>\n<p>El usuario debe considerar que <strong>DOCTOR COMPUTERS <\/strong>es la entidad responsable de la operaci\u00f3n, pero es proporcionado por un servicio externo con una comunicaci\u00f3n encriptada por protocolo SSL. No solo no se guardar\u00e1n sus datos de pago, sino que tampoco se compartir\u00e1 su informaci\u00f3n personal con nadie. Su informaci\u00f3n de pago no ser\u00e1 visible, debido a que el sistema es atendido por un proveedor externo.<\/p>\n<h2 style=\"font-weight: 500;\">Devoluciones<\/h2>\n<p style=\"font-weight: 400;\"><b>DOCTOR COMPUTERS <\/b>\u00a0admite la devoluci\u00f3n de productos dentro de los primeros 14 d\u00edas naturales , a contar desde la fecha de recepci\u00f3n de la mercanc\u00eda por el cliente, y siempre que se cumplan las siguientes condiciones:<\/p>\n<p style=\"font-weight: 400;\">Solo ser\u00e1n admitidas devoluciones de productos que tengan su embalajeoriginal no da\u00f1ado e incluyan todos los accesorios suministrados con elproducto en perfecto estado.<\/p>\n<p style=\"font-weight: 400;\">No se aceptar\u00e1n devoluciones de los siguientes productos, tal y comoestablece la LEY 47\/2002, de 19 de diciembre, de reforma de la Ley 7\/1996, de15 de enero, de Ordenaci\u00f3n del Comercio Minorista, para la transposici\u00f3n alordenamiento jur\u00eddico espa\u00f1ol de la Directiva 97\/7\/CE, en materia de contratosa distancia, y para la adaptaci\u00f3n de la Ley a diversas Directivas comunitarias.<\/p>\n<p style=\"font-weight: 400;\">-Productos sujetos a fluctuaciones de coeficientes del mercado financieroque el vendedor no pueda controlar.<\/p>\n<p style=\"font-weight: 400;\">&#8211; Productos confeccionados conforme a las especificaciones del consumidor oclaramente personalizados, montados espec\u00edficamente seg\u00fan dise\u00f1o especificadoen una configuraci\u00f3n, o que, por su naturaleza, no puedan ser devueltos, puedandeteriorarse o caducar con rapidez.<\/p>\n<p style=\"font-weight: 400;\">&#8211; Software o productos que incluyan software con licencia que hubiesen sidodesprecintados por el consumidor, as\u00ed como de ficheros inform\u00e1ticos,suministrados por v\u00eda electr\u00f3nica, susceptibles de ser descargados oreproducidos con car\u00e1cter inmediato para su uso permanente)<\/p>\n<p style=\"font-weight: 400;\">Para realizar una devoluci\u00f3n debe enviar la solicitud de devoluci\u00f3n a lacuenta de correo:\u00a0info@doctorcomputers.es. Una vez tramitada dichapetici\u00f3n, se le asignar\u00e1 un n\u00ba de devoluci\u00f3n y se le indicar\u00e1n los datos parael env\u00edo.<\/p>\n<p style=\"font-weight: 400;\">Toda mercanc\u00eda debe ser devuelta en su embalaje original, en perfecto estado y protegido de forma que no se reciba con precintos o cintas adhesivas de transporte. En caso contrario <b>DOCTOR COMPUTERS<\/b><b>\u00a0<\/b>se reserva el derecho de rechazar la devoluci\u00f3n.<\/p>\n<p style=\"font-weight: 400;\">Las devoluciones deben ser entregadas en destino dentro delos 3 d\u00edas h\u00e1biles posteriores a la fecha de aceptaci\u00f3n de la devoluci\u00f3n. En caso contrario ser\u00e1 rechazada y devuelta.<\/p>\n<p style=\"font-weight: 400;\">Una vez recibida la mercanc\u00eda y comprobada que est\u00e1 en perfectas condiciones, se tramitar\u00e1 la devoluci\u00f3n del importe si as\u00ed es indicado por el usuario en su solicitud.<\/p>\n<p style=\"font-weight: 400;\">Si el producto no cumple con las condiciones requeridas para aceptar sudevoluci\u00f3n, se devolver\u00e1 al cliente y los gastos de transporte originados porla devoluci\u00f3n correr\u00e1n a cargo del cliente.<\/p>\n<p style=\"font-weight: 400;\">Los gastos de devoluci\u00f3n ser\u00e1n a cargo del cliente.<\/p>\n<p style=\"font-weight: 400;\">Derecho de Desistimiento<\/p>\n<p style=\"font-weight: 400;\"><b>DOCTOR COMPUTERS<\/b> admite la devoluci\u00f3n de productosen el plazo de 14 d\u00edas naturales a contar desde la fecha de recepci\u00f3n de lamercanc\u00eda por el cliente. Los productos deber\u00e1n ser devueltos en perfectoestado, en su embalaje original y con todos sus accesorios.<\/p>\n<p style=\"font-weight: 400;\">No podr\u00e1n devolverse los siguientes productos (art. 103 del Real DecretoLegislativo 1\/2007, de 16 de noviembre, por el que se aprueba el textorefundido de la Ley General para la Defensa de los Consumidores y Usuarios yotras leyes complementarias):\u00a0<\/p>\n<ul style=\"font-weight: 400;\">\n<li>Los que tengan un precio que dependa de fluctuaciones del mercado financiero que el empresario no puede controlar.<\/li>\n<li>Los confeccionados conforme a las especificaciones del cliente o claramente personalizados.<\/li>\n<li>Los que puedan deteriorarse o caducar con rapidez.<\/li>\n<li>Los precintados que no sean aptos para ser devueltos por razones de protecci\u00f3n de la salud o de higiene y que hayan sido desprecintados tras la entrega.<\/li>\n<li>Las grabaciones sonoras o de v\u00eddeo precintadas o de programas inform\u00e1ticos precintados que hayan sido desprecintados por el cliente despu\u00e9s de la entrega.<\/li>\n<li>El contenido digital que no se preste en un soporte material.<\/li>\n<\/ul>\n<p style=\"font-weight: 400;\">Para realizar una devoluci\u00f3n, deber\u00e1 rellenar el formulario de esteenlace,\u00a0<a href=\"https:\/\/www.web4pro.es\/assets\/files\/documentacion\/Modelo.docx\">https:\/\/www.web4pro.es\/assets\/files\/documentacion\/Modelo.docx<\/a>\u00a0yenviarlo al siguiente correo\u00a0<b><strong>info@doctorcomputers.es<\/strong><\/b>.<\/p>\n<p style=\"font-weight: 400;\">Una vez enviado el formulario de devoluci\u00f3n, deber\u00e1 usted devolvernos oentregarnos directamente los bienes a domicilio:\u00a0<b><strong>CL ORIHUELA 24 BAJO,C.P. 03181,\u00a0Alicante<\/strong><\/b>.\u00a0Los gastos del transporte de la devoluci\u00f3nlos asumir\u00e1 el comprador.<\/p>\n<p style=\"font-weight: 400;\">Un vez recibida la mercanc\u00eda ycomprobado que est\u00e1 en perfecto estado, se proceder\u00e1 a la entrega de un vale por el\u00a0 importe delproducto, excepto los gastos de entrega, manipulaci\u00f3n, devoluci\u00f3n a proveedor y los gastos adicionales resultantes dela elecci\u00f3n por el cliente de una modalidad de entrega diferente a la modalidadmenos costosa de entrega ordinaria que ofrezcamos en el plazo m\u00e1ximo de 14d\u00edas.\u00a0<\/p>\n<h2 style=\"font-weight: 500;\">Cancelaciones de pedidos<\/h2>\n<p><span style=\"font-weight: 400;\">Aquellas cancelaciones de pedidos que impliquen una devoluci\u00f3n al cliente y que sean por transferencia bancaria tendr\u00e1n un plazo m\u00e1ximo de\u00a0<\/span><span style=\"font-weight: 400;\" data-id=\"diascancelarpedidos\">5<\/span><span style=\"font-weight: 400;\">\u00a0d\u00edas por tr\u00e1mites administrativos.<\/span><\/p>\n<h2 style=\"font-weight: 500;\">Garant\u00edas de los productos<\/h2>\n<p style=\"font-weight: 400;\"><b>DOCTOR COMPUTERS\u00a0<\/b>\u00a0garantiza seg\u00fan las leyes vigentes y las siguientes condiciones todos los equipos inform\u00e1ticos, componentes y dem\u00e1s productos que distribuye.<\/p>\n<p>En caso de falta de conformidad del producto, se reconoce un plazo de seis meses para clientes profesionales o distribuidores, y de tres a\u00f1os para consumidores, a partir del momento de la entrega.\u00a0<\/p>\n<p>Ahora bien, s\u00f3lo en los 24 meses siguientes a la entrega se presumir\u00e1 que la falta de conformidad ya exist\u00eda en el momento de la entrega, correspondiendo al comprador probar, en los restantes 12 meses que el bien era no conforme, todo ello de acuerdo con la LGDCU. El c\u00f3mputo de la garant\u00eda dar\u00e1 comienzo en el mismo d\u00eda de entrega, en virtud de la LGDCU. Los fabricantes pueden ofrecer garant\u00edas adicionales, cuya extensi\u00f3n y duraci\u00f3n difieren seg\u00fan los productos y las marcas. Dichas garant\u00edas ser\u00e1n exclusivamente de cargo del fabricante que se obliga a ellas.<\/p>\n<p>Normativa aplicable a pedidos realizados a partir del 01\/01\/2022.\u00a0<\/p>\n<p>\u00a0El consumidor dispone de un plazo de tres a\u00f1os desde que tuvo conocimiento de la falta de conformidad con el bien para comunic\u00e1rselo a\u00a0<b>DOCTOR COMPUTERS<\/b>,\u00a0y de un a\u00f1o para los bienes de segunda mano. El profesional o distribuidor dispone del plazo ya indicado.<\/p>\n<p>Para reclamar por la falta de conformidad del producto, el consumidor puede dirigirse tanto al vendedor como al fabricante del producto.<\/p>\n<p>Los gastos de env\u00edo generados por la tramitaci\u00f3n de la garant\u00eda del producto ser\u00e1n a cargo\u00a0<b>del cliente final\u00a0<\/b>en aquellos casos donde se supone que la falta de conformidad existe en el bien adquirido. Siempre ser\u00e1 bajo las instrucciones indicadas por\u00a0<b>DOCTOR COMPUTERS<\/b>, previa solicitud y aceptaci\u00f3n.<\/p>\n<p>En caso de que el producto enviado no presente la aver\u00eda especificada o esta no este cubierta por la garant\u00eda, se devolver\u00e1 al cliente con cargo de portes de recogida y entrega, pudi\u00e9ndose adem\u00e1s facturar la mano de obra empleada en la comprobaci\u00f3n y\/o test del art\u00edculo supuestamente averiado. El env\u00edo se realizar\u00e1 una vez abonados los gastos de la intervenci\u00f3n.\u00a0\u00a0<\/p>\n<p>El consumidor podr\u00e1 reclamar si el bien adquirido no se ajusta a la descripci\u00f3n realizada por el vendedor, no tiene las cualidades que el consumidor ha visto mediante una muestra o modelo, no sirve para los usos a que ordinariamente se destinan los bienes de consumo del mismo tipo, no es apto para el uso especial que hubiese sido requerido por el consumidor y que el vendedor haya aceptado o no presenta la calidad y el comportamiento esperados, especialmente teniendo en cuenta las declaraciones p\u00fablicas (publicidad, folletos, etiquetado&#8230;) sobre sus caracter\u00edsticas concretas hechas por el vendedor o el fabricante.<\/p>\n<p><b>DOCTOR COMPUTERS\u00a0<\/b>\u00a0no se har\u00e1 cargo de posibles da\u00f1os que puedan resultar por mal uso, manipulaci\u00f3n o instalaci\u00f3n no profesional, o mal funcionamiento como corto circuito. La garant\u00eda no ser\u00e1 v\u00e1lida en caso de factores externos al uso normal del producto, tales como subidas o bajadas de tensi\u00f3n, utilizaci\u00f3n de accesorios inadecuados o prohibidos por los fabricantes, ca\u00eddas, agua, fuego o manejo incorrecto o abusivo por parte del cliente o por terceras personas no autorizadas por los fabricantes.<\/p>\n<p>Para la tramitaci\u00f3n de la garant\u00eda, el consumidor podr\u00e1 hacerlo directamente con el fabricante o con\u00a0<b>DOCTOR COMPUTERS<\/b>, siguiendo en todo momento las instrucciones indicadas para ello.<\/p>\n<h2 style=\"font-weight: 500;\">Atenci\u00f3n al Cliente<\/h2>\n<p style=\"font-weight: 400;\">Si necesita cualquier tipo de ayuda, no dude en contactar con nosotros a trav\u00e9s del correo electr\u00f3nico info@doctorcomputers.es o por tel\u00e9fono<b>\u00a0<\/b>965709692.<\/p>\n\t\t\t\t\t\t\t\t<\/div>\n\t\t\t\t<\/div>\n\t\t\t\t\t<\/div>\n\t\t\t\t<\/div>\n\t\t\t\t<\/div>\n\t\t","protected":false},"excerpt":{"rendered":"<p>Precio y disponibilidad de los art\u00edculos Los precios de los productos que aparecen en la web incluyen I.V.A., pero no los gastos de env\u00edo, que se a\u00f1adir\u00e1n al total del importe de los productos seleccionados. DOCTOR COMPUTERS se reserva en cada momento y unilateralmente el derecho a la modificaci\u00f3n sin previo aviso del precio de [&hellip;]<\/p>\n","protected":false},"author":1,"featured_media":0,"parent":0,"menu_order":0,"comment_status":"closed","ping_status":"closed","template":"","meta":{"footnotes":""},"class_list":["post-13","page","type-page","status-publish","hentry"],"yoast_head":"<!-- This site is optimized with the Yoast SEO plugin v27.5 - https:\/\/yoast.com\/product\/yoast-seo-wordpress\/ -->\n<title>T\u00e9rminos y condiciones de compra - Game PC<\/title>\n<meta name=\"robots\" content=\"index, follow, max-snippet:-1, max-image-preview:large, max-video-preview:-1\" \/>\n<link rel=\"canonical\" href=\"https:\/\/www.gamepc.es\/es\/terminos-condiciones-compra\/\" \/>\n<meta property=\"og:locale\" content=\"es_ES\" \/>\n<meta property=\"og:type\" content=\"article\" \/>\n<meta property=\"og:title\" content=\"T\u00e9rminos y condiciones de compra - Game PC\" \/>\n<meta property=\"og:description\" content=\"Precio y disponibilidad de los art\u00edculos Los precios de los productos que aparecen en la web incluyen I.V.A., pero no los gastos de env\u00edo, que se a\u00f1adir\u00e1n al total del importe de los productos seleccionados. DOCTOR COMPUTERS se reserva en cada momento y unilateralmente el derecho a la modificaci\u00f3n sin previo aviso del precio de [&hellip;]\" \/>\n<meta property=\"og:url\" content=\"https:\/\/www.gamepc.es\/es\/terminos-condiciones-compra\/\" \/>\n<meta property=\"og:site_name\" content=\"Game PC\" \/>\n<meta property=\"article:modified_time\" content=\"2025-01-14T10:33:00+00:00\" \/>\n<meta name=\"twitter:card\" content=\"summary_large_image\" \/>\n<meta name=\"twitter:label1\" content=\"Tiempo de lectura\" \/>\n\t<meta name=\"twitter:data1\" content=\"8 minutos\" \/>\n<script type=\"application\/ld+json\" class=\"yoast-schema-graph\">{\"@context\":\"https:\\\/\\\/schema.org\",\"@graph\":[{\"@type\":\"WebPage\",\"@id\":\"https:\\\/\\\/www.gamepc.es\\\/terminos-condiciones-compra\\\/\",\"url\":\"https:\\\/\\\/www.gamepc.es\\\/terminos-condiciones-compra\\\/\",\"name\":\"T\u00e9rminos y condiciones de compra - Game PC\",\"isPartOf\":{\"@id\":\"https:\\\/\\\/www.gamepc.es\\\/#website\"},\"datePublished\":\"2025-01-14T10:11:06+00:00\",\"dateModified\":\"2025-01-14T10:33:00+00:00\",\"breadcrumb\":{\"@id\":\"https:\\\/\\\/www.gamepc.es\\\/terminos-condiciones-compra\\\/#breadcrumb\"},\"inLanguage\":\"es\",\"potentialAction\":[{\"@type\":\"ReadAction\",\"target\":[\"https:\\\/\\\/www.gamepc.es\\\/terminos-condiciones-compra\\\/\"]}]},{\"@type\":\"BreadcrumbList\",\"@id\":\"https:\\\/\\\/www.gamepc.es\\\/terminos-condiciones-compra\\\/#breadcrumb\",\"itemListElement\":[{\"@type\":\"ListItem\",\"position\":1,\"name\":\"Portada\",\"item\":\"https:\\\/\\\/www.gamepc.es\\\/es\\\/\"},{\"@type\":\"ListItem\",\"position\":2,\"name\":\"T\u00e9rminos y condiciones de compra\"}]},{\"@type\":\"WebSite\",\"@id\":\"https:\\\/\\\/www.gamepc.es\\\/#website\",\"url\":\"https:\\\/\\\/www.gamepc.es\\\/\",\"name\":\"Game PC\",\"description\":\"Tu tienda gaming en Torrevieja\",\"potentialAction\":[{\"@type\":\"SearchAction\",\"target\":{\"@type\":\"EntryPoint\",\"urlTemplate\":\"https:\\\/\\\/www.gamepc.es\\\/?s={search_term_string}\"},\"query-input\":{\"@type\":\"PropertyValueSpecification\",\"valueRequired\":true,\"valueName\":\"search_term_string\"}}],\"inLanguage\":\"es\"}]}<\/script>\n<!-- \/ Yoast SEO plugin. -->","yoast_head_json":{"title":"T\u00e9rminos y condiciones de compra - Game PC","robots":{"index":"index","follow":"follow","max-snippet":"max-snippet:-1","max-image-preview":"max-image-preview:large","max-video-preview":"max-video-preview:-1"},"canonical":"https:\/\/www.gamepc.es\/es\/terminos-condiciones-compra\/","og_locale":"es_ES","og_type":"article","og_title":"T\u00e9rminos y condiciones de compra - Game PC","og_description":"Precio y disponibilidad de los art\u00edculos Los precios de los productos que aparecen en la web incluyen I.V.A., pero no los gastos de env\u00edo, que se a\u00f1adir\u00e1n al total del importe de los productos seleccionados. DOCTOR COMPUTERS se reserva en cada momento y unilateralmente el derecho a la modificaci\u00f3n sin previo aviso del precio de [&hellip;]","og_url":"https:\/\/www.gamepc.es\/es\/terminos-condiciones-compra\/","og_site_name":"Game PC","article_modified_time":"2025-01-14T10:33:00+00:00","twitter_card":"summary_large_image","twitter_misc":{"Tiempo de lectura":"8 minutos"},"schema":{"@context":"https:\/\/schema.org","@graph":[{"@type":"WebPage","@id":"https:\/\/www.gamepc.es\/terminos-condiciones-compra\/","url":"https:\/\/www.gamepc.es\/terminos-condiciones-compra\/","name":"T\u00e9rminos y condiciones de compra - Game PC","isPartOf":{"@id":"https:\/\/www.gamepc.es\/#website"},"datePublished":"2025-01-14T10:11:06+00:00","dateModified":"2025-01-14T10:33:00+00:00","breadcrumb":{"@id":"https:\/\/www.gamepc.es\/terminos-condiciones-compra\/#breadcrumb"},"inLanguage":"es","potentialAction":[{"@type":"ReadAction","target":["https:\/\/www.gamepc.es\/terminos-condiciones-compra\/"]}]},{"@type":"BreadcrumbList","@id":"https:\/\/www.gamepc.es\/terminos-condiciones-compra\/#breadcrumb","itemListElement":[{"@type":"ListItem","position":1,"name":"Portada","item":"https:\/\/www.gamepc.es\/es\/"},{"@type":"ListItem","position":2,"name":"T\u00e9rminos y condiciones de compra"}]},{"@type":"WebSite","@id":"https:\/\/www.gamepc.es\/#website","url":"https:\/\/www.gamepc.es\/","name":"Game PC","description":"Tu tienda gaming en Torrevieja","potentialAction":[{"@type":"SearchAction","target":{"@type":"EntryPoint","urlTemplate":"https:\/\/www.gamepc.es\/?s={search_term_string}"},"query-input":{"@type":"PropertyValueSpecification","valueRequired":true,"valueName":"search_term_string"}}],"inLanguage":"es"}]}},"_links":{"self":[{"href":"https:\/\/www.gamepc.es\/es\/wp-json\/wp\/v2\/pages\/13","targetHints":{"allow":["GET"]}}],"collection":[{"href":"https:\/\/www.gamepc.es\/es\/wp-json\/wp\/v2\/pages"}],"about":[{"href":"https:\/\/www.gamepc.es\/es\/wp-json\/wp\/v2\/types\/page"}],"author":[{"embeddable":true,"href":"https:\/\/www.gamepc.es\/es\/wp-json\/wp\/v2\/users\/1"}],"replies":[{"embeddable":true,"href":"https:\/\/www.gamepc.es\/es\/wp-json\/wp\/v2\/comments?post=13"}],"version-history":[{"count":5,"href":"https:\/\/www.gamepc.es\/es\/wp-json\/wp\/v2\/pages\/13\/revisions"}],"predecessor-version":[{"id":3977,"href":"https:\/\/www.gamepc.es\/es\/wp-json\/wp\/v2\/pages\/13\/revisions\/3977"}],"wp:attachment":[{"href":"https:\/\/www.gamepc.es\/es\/wp-json\/wp\/v2\/media?parent=13"}],"curies":[{"name":"wp","href":"https:\/\/api.w.org\/{rel}","templated":true}]}}